{"id":2,"date":"2018-11-13T15:12:56","date_gmt":"2018-11-13T14:12:56","guid":{"rendered":"https:\/\/www.kb-servicepoint.de\/hamburg-sued\/?page_id=2"},"modified":"2026-01-14T13:15:25","modified_gmt":"2026-01-14T12:15:25","slug":"startseite","status":"publish","type":"page","link":"https:\/\/kb-servicepoint.de\/hamburg-sued\/","title":{"rendered":"Startseite"},"content":{"rendered":"<p>[vc_row css_animation=&#8220;&#8220; row_type=&#8220;row&#8220; use_row_as_full_screen_section=&#8220;no&#8220; type=&#8220;full_width&#8220; angled_section=&#8220;no&#8220; text_align=&#8220;left&#8220; background_image_as_pattern=&#8220;without_pattern&#8220; el_class=&#8220;calltoactionsmart&#8220; z_index=&#8220;&#8220;][vc_column offset=&#8220;vc_hidden-lg vc_hidden-md vc_hidden-sm vc_hidden-xs&#8220;]<span data-type=\"normal\"  class=\"qode_icon_shortcode  q_font_awsome_icon fa-2x pull-center \" style=\" \"><a class=\"anchor\" itemprop=\"url\" href=\"tel:+49424192200\" target=\"_self\"><i class=\"qode_icon_font_awesome fa fa-phone qode_icon_element\" style=\"color: #ffffff;\" ><\/i><\/a><\/span>[vc_column_text]<a style=\"color: #fff; font-size: 10px;\" href=\"tel:+49424192200\">Notdienst<\/a>[\/vc_column_text][\/vc_column][\/vc_row][vc_row css_animation=&#8220;element_from_right&#8220; row_type=&#8220;row&#8220; use_row_as_full_screen_section=&#8220;no&#8220; type=&#8220;grid&#8220; anchor=&#8220;ueberuns&#8220; angled_section=&#8220;no&#8220; text_align=&#8220;left&#8220; background_image_as_pattern=&#8220;without_pattern&#8220; css=&#8220;.vc_custom_1651493267352{padding-top: 80px !important;padding-bottom: 50px !important;}&#8220; z_index=&#8220;&#8220;][vc_column][vc_column_text css=&#8220;.vc_custom_1542207374833{margin-bottom: 15px !important;}&#8220;]<\/p>\n<h2 style=\"text-align: center;\">\u00dcber uns<\/h2>\n<p>[\/vc_column_text][vc_separator type=&#8220;small&#8220; position=&#8220;center&#8220; color=&#8220;#f07d00&#8243;][vc_column_text css=&#8220;.vc_custom_1637067217514{margin-top: 15px !important;}&#8220;]<\/p>\n<div class=\"zw-paragraph\" data-width=\"604.072\">\n<div class=\"zw-line-div\">\n<div class=\"fusion-layout-column fusion_builder_column fusion_builder_column_1_3 fusion-one-third home-boxes fusion-column-inner-bg-wrapper 1_3\">\n<div class=\"fusion-column-wrapper\" data-bg-url=\"\">\n<p style=\"text-align: center;\">In unserem Servicepoint im S\u00fcden Hamburgs beraten wir Sie in allen Angelegenheiten rund um Heizung, Klimatisierung, L\u00fcftung, K\u00e4lte und Elektro. Wir sind Ihr Ansprechpartner f\u00fcr einen kompetenten und schnellen Service. Dabei sind wir nicht nur f\u00fcr Privatkunden t\u00e4tig sondern bieten ebenfalls eine umfangreiche, gewerbliche Projektbetreuung f\u00fcr die gesamte Haustechnik an.<\/p>\n<\/div>\n<p>&nbsp;<\/p>\n<\/div>\n<\/div>\n<\/div>\n<p>[\/vc_column_text][\/vc_column][\/vc_row][vc_row css_animation=&#8220;element_from_left&#8220; row_type=&#8220;row&#8220; use_row_as_full_screen_section=&#8220;no&#8220; type=&#8220;grid&#8220; anchor=&#8220;dienstleistungen&#8220; angled_section=&#8220;no&#8220; text_align=&#8220;left&#8220; background_image_as_pattern=&#8220;without_pattern&#8220; z_index=&#8220;&#8220; css=&#8220;.vc_custom_1543334335382{margin-top: 50px !important;padding-bottom: 80px !important;background-color: #ffffff !important;}&#8220;][vc_column css_animation=&#8220;none&#8220; width=&#8220;1\/3&#8243; css=&#8220;.vc_custom_1543590464413{margin-bottom: 30px !important;}&#8220;][vc_single_image image=&#8220;733&#8243; img_size=&#8220;full&#8220; alignment=&#8220;center&#8220; qode_css_animation=&#8220;&#8220; css=&#8220;.vc_custom_1651494173748{padding-bottom: 15px !important;}&#8220;][vc_column_text css=&#8220;.vc_custom_1651481727621{padding-bottom: 15px !important;}&#8220;]<\/p>\n<h3>Elektro und MSR-Technik<\/h3>\n<p>[\/vc_column_text][vc_column_text]Wir liefern Elektroinstallationen von Datennetzen \u00fcber Brandmeldeanlagen bis hin zur MSR-Technik.[\/vc_column_text][\/vc_column][vc_column css_animation=&#8220;none&#8220; width=&#8220;1\/3&#8243; css=&#8220;.vc_custom_1543590472721{margin-bottom: 30px !important;}&#8220;][vc_single_image image=&#8220;379&#8243; img_size=&#8220;full&#8220; alignment=&#8220;center&#8220; qode_css_animation=&#8220;&#8220; css=&#8220;.vc_custom_1544427811724{padding-bottom: 15px !important;}&#8220;][vc_column_text css=&#8220;.vc_custom_1651481815746{padding-bottom: 15px !important;}&#8220;]<\/p>\n<h3>K\u00e4ltetechnik<\/h3>\n<p>[\/vc_column_text][vc_column_text]Wir sind Ihr Ansprechpartner, wenn es um Gewerbek\u00fchlungen, Klimatisierungen und K\u00e4lteanlagen geht \u2013 sprechen Sie uns an.[\/vc_column_text][\/vc_column][vc_column css_animation=&#8220;none&#8220; width=&#8220;1\/3&#8243;][vc_single_image image=&#8220;735&#8243; img_size=&#8220;full&#8220; alignment=&#8220;center&#8220; qode_css_animation=&#8220;&#8220; css=&#8220;.vc_custom_1651494217340{padding-bottom: 15px !important;}&#8220;][vc_column_text css=&#8220;.vc_custom_1651481849839{padding-bottom: 15px !important;}&#8220;]<\/p>\n<h3>L\u00fcftung- und Klimatechnik<\/h3>\n<p>[\/vc_column_text][vc_column_text]Ob Klimaanlagen oder L\u00fcftungssysteme: Mit unserer Erfahrung sorgen wir f\u00fcr eine optimale Luftzirkulation.[\/vc_column_text][\/vc_column][\/vc_row][vc_row css_animation=&#8220;element_from_left&#8220; row_type=&#8220;row&#8220; use_row_as_full_screen_section=&#8220;no&#8220; type=&#8220;grid&#8220; angled_section=&#8220;no&#8220; text_align=&#8220;left&#8220; background_image_as_pattern=&#8220;without_pattern&#8220; z_index=&#8220;&#8220; css=&#8220;.vc_custom_1543236698044{padding-bottom: 80px !important;background-color: #ffffff !important;}&#8220;][vc_column css_animation=&#8220;none&#8220; width=&#8220;1\/3&#8243; css=&#8220;.vc_custom_1543590482643{margin-bottom: 30px !important;}&#8220;][vc_single_image image=&#8220;736&#8243; img_size=&#8220;full&#8220; alignment=&#8220;center&#8220; qode_css_animation=&#8220;&#8220; css=&#8220;.vc_custom_1651494250799{padding-bottom: 15px !important;}&#8220;][vc_column_text css=&#8220;.vc_custom_1651481885034{padding-bottom: 15px !important;}&#8220;]<\/p>\n<h3>Heizung<\/h3>\n<p>[\/vc_column_text][vc_column_text]Wir planen und installieren moderne Heizsysteme. Von klassischen Heizungen bis hin zu regenerativen Energien.[\/vc_column_text][\/vc_column][vc_column css_animation=&#8220;none&#8220; width=&#8220;1\/3&#8243; css=&#8220;.vc_custom_1543590488032{margin-bottom: 30px !important;}&#8220;][vc_single_image image=&#8220;740&#8243; img_size=&#8220;full&#8220; alignment=&#8220;center&#8220; qode_css_animation=&#8220;&#8220; css=&#8220;.vc_custom_1651494995841{padding-bottom: 15px !important;}&#8220;][vc_column_text css=&#8220;.vc_custom_1651481918923{padding-bottom: 15px !important;}&#8220;]<\/p>\n<h3>Sanit\u00e4r<\/h3>\n<p>[\/vc_column_text][vc_column_text]Unser Sanit\u00e4r-Handwerk kann sich sehen lassen: Mit bester Qualit\u00e4t, tollen Designs und raffinierten L\u00f6sungen begeistern wir Sie auf ganzer Linie.[\/vc_column_text][\/vc_column][vc_column css_animation=&#8220;none&#8220; width=&#8220;1\/3&#8243;][vc_single_image image=&#8220;738&#8243; img_size=&#8220;full&#8220; alignment=&#8220;center&#8220; qode_css_animation=&#8220;&#8220; css=&#8220;.vc_custom_1651494322087{padding-bottom: 15px !important;}&#8220;][vc_column_text css=&#8220;.vc_custom_1651494340570{padding-bottom: 15px !important;}&#8220;]<\/p>\n<h3>Alles aus einer Hand<\/h3>\n<p>[\/vc_column_text][vc_column_text]TGA-Installation jeglicher Gr\u00f6\u00dfenordnung f\u00fcr Sie aus einer Hand! Vom Geschosswohnungsbau \u00fcber Einfamilienh\u00e4user ist alles dabei.[\/vc_column_text][\/vc_column][\/vc_row][vc_row css_animation=&#8220;element_from_right&#8220; row_type=&#8220;row&#8220; use_row_as_full_screen_section=&#8220;no&#8220; type=&#8220;grid&#8220; anchor=&#8220;team&#8220; angled_section=&#8220;no&#8220; text_align=&#8220;left&#8220; background_image_as_pattern=&#8220;without_pattern&#8220; css=&#8220;.vc_custom_1543486854487{padding-top: 80px !important;padding-bottom: 30px !important;background-color: #ededed !important;}&#8220; z_index=&#8220;&#8220;][vc_column][vc_column_text css=&#8220;.vc_custom_1618919465065{margin-bottom: 15px !important;}&#8220;]<\/p>\n<h2 style=\"text-align: center;\">Ansprechpartner<\/h2>\n<p>[\/vc_column_text][vc_separator type=&#8220;small&#8220; position=&#8220;center&#8220; color=&#8220;#f07d00&#8243;][\/vc_column][\/vc_row][vc_row css_animation=&#8220;element_from_right&#8220; row_type=&#8220;row&#8220; use_row_as_full_screen_section=&#8220;no&#8220; type=&#8220;grid&#8220; angled_section=&#8220;no&#8220; text_align=&#8220;left&#8220; background_image_as_pattern=&#8220;without_pattern&#8220; z_index=&#8220;&#8220; css=&#8220;.vc_custom_1652685943664{padding-bottom: 80px !important;background-color: #ededed !important;}&#8220;][vc_column css_animation=&#8220;none&#8220; width=&#8220;1\/3&#8243; offset=&#8220;vc_col-sm-offset-0&#8243;][vc_column_text css=&#8220;.vc_custom_1676274739478{padding-top: 10px !important;padding-right: 10px !important;padding-bottom: 10px !important;padding-left: 10px !important;}&#8220; el_class=&#8220;orangeCOLOR&#8220;]<\/p>\n<h3 style=\"text-align: center;\">Marcel Walter<\/h3>\n<p style=\"text-align: center;\"><span style=\"color: #808080;\">Gesch\u00e4ftsf\u00fchrung<\/span><br \/>\n<span style=\"color: #808080;\">Tel.: 04152-89027-11<\/span><\/p>\n<p style=\"text-align: center;\"><a href=\"mailto:m.walter@kb-servicepoint.de\">m.walter@kb-servicepoint.de<\/a><\/p>\n<p>[\/vc_column_text][\/vc_column][vc_column width=&#8220;1\/3&#8243;][vc_column_text css=&#8220;.vc_custom_1755240352297{padding-top: 10px !important;padding-right: 10px !important;padding-bottom: 10px !important;padding-left: 10px !important;}&#8220; el_class=&#8220;orangeCOLOR&#8220;]<\/p>\n<h3 style=\"text-align: center;\">B\u00fcnyamin Altincinar<\/h3>\n<p style=\"text-align: center;\"><span style=\"color: #808080;\">Bauleiter<\/span><br \/>\n<span style=\"color: #808080;\">Tel.: 04152-89027-0<\/span><\/p>\n<p style=\"text-align: center;\"><a href=\"mailto:b.altincinar@kb-servicepoint.de\">b.altincinar@kb-servicepoint.de<\/a><\/p>\n<p>[\/vc_column_text][\/vc_column][vc_column css_animation=&#8220;none&#8220; width=&#8220;1\/3&#8243; offset=&#8220;vc_col-sm-offset-0&#8243;][vc_column_text css=&#8220;.vc_custom_1742303149896{padding-top: 10px !important;padding-right: 10px !important;padding-bottom: 10px !important;padding-left: 10px !important;}&#8220; el_class=&#8220;orangeCOLOR&#8220;]<\/p>\n<h3 style=\"text-align: center;\">Kevin Herzog<\/h3>\n<p style=\"text-align: center;\"><span style=\"color: #808080;\">Einkauf &#8211; HLS<\/span><br \/>\n<span style=\"color: #808080;\">Tel.: 04152-89027-70<\/span><\/p>\n<p style=\"text-align: center;\"><a href=\"mailto:k.herzog@kb-servicepoint.de\">k.herzog@kb-servicepoint.de<\/a><\/p>\n<p>[\/vc_column_text][\/vc_column][\/vc_row][vc_row css_animation=&#8220;element_from_right&#8220; row_type=&#8220;row&#8220; use_row_as_full_screen_section=&#8220;no&#8220; type=&#8220;grid&#8220; angled_section=&#8220;no&#8220; text_align=&#8220;left&#8220; background_image_as_pattern=&#8220;without_pattern&#8220; z_index=&#8220;&#8220; css=&#8220;.vc_custom_1652685943664{padding-bottom: 80px !important;background-color: #ededed !important;}&#8220;][vc_column width=&#8220;1\/3&#8243;][\/vc_column][vc_column css_animation=&#8220;none&#8220; width=&#8220;1\/3&#8243; offset=&#8220;vc_col-sm-offset-0&#8243;][vc_column_text css=&#8220;.vc_custom_1697433618449{padding-top: 10px !important;padding-right: 10px !important;padding-bottom: 10px !important;padding-left: 10px !important;}&#8220; el_class=&#8220;orangeCOLOR&#8220;]<\/p>\n<h3 style=\"text-align: center;\">Ina Taller<\/h3>\n<p style=\"text-align: center;\"><span style=\"color: #808080;\">Sachbearbeiterin<\/span><br \/>\n<span style=\"color: #808080;\">Tel.: 04152-89027-12<\/span><\/p>\n<p style=\"text-align: center;\"><a href=\"mailto:i.taller@kb-servicepoint.de\">i.taller@kb-servicepoint.de<\/a><\/p>\n<p>[\/vc_column_text][\/vc_column][vc_column css_animation=&#8220;none&#8220; width=&#8220;1\/3&#8243; offset=&#8220;vc_col-sm-offset-0&#8243;][\/vc_column][\/vc_row][vc_row css_animation=&#8220;element_from_right&#8220; row_type=&#8220;row&#8220; use_row_as_full_screen_section=&#8220;no&#8220; type=&#8220;grid&#8220; anchor=&#8220;kontakt&#8220; angled_section=&#8220;no&#8220; text_align=&#8220;left&#8220; background_image_as_pattern=&#8220;without_pattern&#8220; css=&#8220;.vc_custom_1651493286401{padding-top: 80px !important;padding-bottom: 50px !important;}&#8220; z_index=&#8220;&#8220;][vc_column][vc_column_text css=&#8220;.vc_custom_1651493043858{margin-bottom: 15px !important;}&#8220;]<\/p>\n<h2 style=\"text-align: center;\">Kontakt<\/h2>\n<p>[\/vc_column_text][vc_separator type=&#8220;small&#8220; position=&#8220;center&#8220; color=&#8220;#f07d00&#8243;][vc_column_text css=&#8220;.vc_custom_1651493072699{margin-top: 15px !important;}&#8220;]<\/p>\n<p style=\"text-align: center;\">Sie haben ein Anliegen oder wollen einen Termin vereinbaren? Nutzen Sie dazu gerne unser Kontaktformular. Ihre Anfrage werden wir schnellstm\u00f6glich bearbeiten und uns mit Ihnen in Verbindung setzen.<\/p>\n<p>[\/vc_column_text][\/vc_column][\/vc_row][vc_row css_animation=&#8220;element_from_left&#8220; row_type=&#8220;row&#8220; use_row_as_full_screen_section=&#8220;no&#8220; type=&#8220;grid&#8220; angled_section=&#8220;no&#8220; text_align=&#8220;left&#8220; background_image_as_pattern=&#8220;without_pattern&#8220; z_index=&#8220;&#8220; css=&#8220;.vc_custom_1543486934880{padding-bottom: 30px !important;}&#8220;][vc_column css_animation=&#8220;none&#8220; width=&#8220;2\/3&#8243;]\n<div class=\"wpcf7 no-js\" id=\"wpcf7-f702-o1\" lang=\"de-DE\" dir=\"ltr\" data-wpcf7-id=\"702\">\n<div class=\"screen-reader-response\"><p role=\"status\" aria-live=\"polite\" aria-atomic=\"true\"><\/p> <ul><\/ul><\/div>\n<form action=\"\/hamburg-sued\/wp-json\/wp\/v2\/pages\/2#wpcf7-f702-o1\" method=\"post\" class=\"wpcf7-form init cf7_custom_style_1\" aria-label=\"Kontaktformular\" novalidate=\"novalidate\" data-status=\"init\">\n<fieldset class=\"hidden-fields-container\"><input type=\"hidden\" name=\"_wpcf7\" value=\"702\" \/><input type=\"hidden\" name=\"_wpcf7_version\" value=\"6.1.4\" \/><input type=\"hidden\" name=\"_wpcf7_locale\" value=\"de_DE\" \/><input type=\"hidden\" name=\"_wpcf7_unit_tag\" value=\"wpcf7-f702-o1\" \/><input type=\"hidden\" name=\"_wpcf7_container_post\" value=\"0\" \/><input type=\"hidden\" name=\"_wpcf7_posted_data_hash\" value=\"\" \/>\n<\/fieldset>\n<p><label> Vorname*<br \/>\n<span class=\"wpcf7-form-control-wrap\" data-name=\"vorname\"><input size=\"40\" maxlength=\"400\" class=\"wpcf7-form-control wpcf7-text wpcf7-validates-as-required\" aria-required=\"true\" aria-invalid=\"false\" value=\"\" type=\"text\" name=\"vorname\" \/><\/span> <\/label>\n<\/p>\n<p><label> Name*<br \/>\n<span class=\"wpcf7-form-control-wrap\" data-name=\"your-name\"><input size=\"40\" maxlength=\"400\" class=\"wpcf7-form-control wpcf7-text wpcf7-validates-as-required\" aria-required=\"true\" aria-invalid=\"false\" value=\"\" type=\"text\" name=\"your-name\" \/><\/span> <\/label>\n<\/p>\n<p><label> E-Mail-Adresse*<br \/>\n<span class=\"wpcf7-form-control-wrap\" data-name=\"your-email\"><input size=\"40\" maxlength=\"400\" class=\"wpcf7-form-control wpcf7-email wpcf7-validates-as-required wpcf7-text wpcf7-validates-as-email\" aria-required=\"true\" aria-invalid=\"false\" value=\"\" type=\"email\" name=\"your-email\" \/><\/span> <\/label>\n<\/p>\n<p><label> Telefonnummer<br \/>\n<span class=\"wpcf7-form-control-wrap\" data-name=\"telefon\"><input size=\"40\" maxlength=\"400\" class=\"wpcf7-form-control wpcf7-tel wpcf7-text wpcf7-validates-as-tel\" aria-invalid=\"false\" value=\"\" type=\"tel\" name=\"telefon\" \/><\/span> <\/label>\n<\/p>\n<p><label> Anschrift, PLZ Ort<br \/>\n<span class=\"wpcf7-form-control-wrap\" data-name=\"address\"><input size=\"40\" maxlength=\"400\" class=\"wpcf7-form-control wpcf7-text\" aria-invalid=\"false\" value=\"\" type=\"text\" name=\"address\" \/><\/span> <\/label>\n<\/p>\n<p><label> Nachricht<br \/>\n<span class=\"wpcf7-form-control-wrap\" data-name=\"your-message\"><textarea cols=\"40\" rows=\"10\" maxlength=\"2000\" class=\"wpcf7-form-control wpcf7-textarea\" aria-invalid=\"false\" name=\"your-message\"><\/textarea><\/span> <\/label>\n<\/p>\n<p><span class=\"wpcf7-form-control-wrap\" data-name=\"datenschutz\"><span class=\"wpcf7-form-control wpcf7-acceptance\"><span class=\"wpcf7-list-item\"><input type=\"checkbox\" name=\"datenschutz\" value=\"1\" aria-invalid=\"false\" \/><\/span><\/span><\/span> Ja, ich habe die <a href=\"\/datenschutz\">Datenschutzerkl\u00e4rung<\/a> zur Kenntnis genommen und bin damit einverstanden, dass die von mir angegebenen Daten elektronisch erhoben und gespeichert werden. Meine Daten werden dabei nur streng zweckgebunden zur Bearbeitung und Beantwortung meiner Anfrage benutzt. Mit dem Absenden des Formulars erkl\u00e4re ich mich mit der Verarbeitung einverstanden. *\n<\/p>\n<p><input class=\"wpcf7-form-control wpcf7-submit has-spinner\" type=\"submit\" value=\"Senden\" \/>\n<\/p><div class=\"wpcf7-response-output\" aria-hidden=\"true\"><\/div>\n<\/form>\n<\/div>\n[\/vc_column][vc_column css_animation=&#8220;none&#8220; width=&#8220;1\/3&#8243;][vc_column_text css=&#8220;.vc_custom_1544000579082{margin-bottom: 20px !important;}&#8220;]<\/p>\n<h4>Wir sind f\u00fcr Sie da!<\/h4>\n<p>[\/vc_column_text][vc_column_text css=&#8220;.vc_custom_1638876938054{margin-bottom: 20px !important;}&#8220;]<\/p>\n<h3><strong>KB Servicepoint Hamburg S\u00fcd GmbH<\/strong><\/h3>\n<p>[\/vc_column_text][vc_column_text css=&#8220;.vc_custom_1676287640263{margin-bottom: 20px !important;}&#8220;]<i class=\"fa fa-map-marker fa- \"><br \/>\n<\/i>\u00a0Leibnizstra\u00dfe 10 | 21502 Geesthacht<br \/>\n<i class=\"fa fa-at fa- \"><\/i><a>\u00a0hamburg-sued@kb-servicepoint.de<\/a><br \/>\n<i class=\"fa fa-phone fa- \"><\/i> <a href=\"tel: +494152890270\">04152-89027-0<\/a>[\/vc_column_text][vc_column_text css=&#8220;.vc_custom_1651492508489{margin-bottom: 20px !important;}&#8220;]<\/p>\n<h3>\u00d6ffnungszeiten<\/h3>\n<p><strong>Montag &#8211; Donnerstag<\/strong><br \/>\n7.00 &#8211; 16.30 Uhr<\/p>\n<p><strong>Freitag<br \/>\n<\/strong>7.00 &#8211; 14.00 Uhr[\/vc_column_text][\/vc_column][\/vc_row][vc_row css_animation=&#8220;&#8220; row_type=&#8220;row&#8220; use_row_as_full_screen_section=&#8220;no&#8220; type=&#8220;full_width&#8220; angled_section=&#8220;no&#8220; text_align=&#8220;left&#8220; background_image_as_pattern=&#8220;without_pattern&#8220;][vc_column][vc_empty_space][\/vc_column][\/vc_row]<\/p>\n","protected":false},"excerpt":{"rendered":"<p>[vc_row css_animation=&#8220;&#8220; row_type=&#8220;row&#8220; use_row_as_full_screen_section=&#8220;no&#8220; type=&#8220;full_width&#8220; angled_section=&#8220;no&#8220; text_align=&#8220;left&#8220; background_image_as_pattern=&#8220;without_pattern&#8220; el_class=&#8220;calltoactionsmart&#8220; z_index=&#8220;&#8220;][vc_column offset=&#8220;vc_hidden-lg vc_hidden-md vc_hidden-sm vc_hidden-xs&#8220;][vc_column_text]Notdienst[\/vc_column_text][\/vc_column][\/vc_row][vc_row css_animation=&#8220;element_from_right&#8220; row_type=&#8220;row&#8220; use_row_as_full_screen_section=&#8220;no&#8220; type=&#8220;grid&#8220; anchor=&#8220;ueberuns&#8220; angled_section=&#8220;no&#8220; text_align=&#8220;left&#8220; background_image_as_pattern=&#8220;without_pattern&#8220; css=&#8220;.vc_custom_1651493267352{padding-top: 80px !important;padding-bottom: 50px !important;}&#8220; z_index=&#8220;&#8220;][vc_column][vc_column_text css=&#8220;.vc_custom_1542207374833{margin-bottom: 15px !important;}&#8220;] \u00dcber uns [\/vc_column_text][vc_separator type=&#8220;small&#8220; position=&#8220;center&#8220; color=&#8220;#f07d00&#8243;][vc_column_text css=&#8220;.vc_custom_1637067217514{margin-top: 15px !important;}&#8220;] In unserem Servicepoint im S\u00fcden&#8230;<\/p>\n","protected":false},"author":2,"featured_media":0,"parent":0,"menu_order":0,"comment_status":"closed","ping_status":"open","template":"full_width.php","meta":{"footnotes":""},"class_list":["post-2","page","type-page","status-publish","hentry"],"_links":{"self":[{"href":"https:\/\/kb-servicepoint.de\/hamburg-sued\/wp-json\/wp\/v2\/pages\/2","targetHints":{"allow":["GET"]}}],"collection":[{"href":"https:\/\/kb-servicepoint.de\/hamburg-sued\/wp-json\/wp\/v2\/pages"}],"about":[{"href":"https:\/\/kb-servicepoint.de\/hamburg-sued\/wp-json\/wp\/v2\/types\/page"}],"author":[{"embeddable":true,"href":"https:\/\/kb-servicepoint.de\/hamburg-sued\/wp-json\/wp\/v2\/users\/2"}],"replies":[{"embeddable":true,"href":"https:\/\/kb-servicepoint.de\/hamburg-sued\/wp-json\/wp\/v2\/comments?post=2"}],"version-history":[{"count":455,"href":"https:\/\/kb-servicepoint.de\/hamburg-sued\/wp-json\/wp\/v2\/pages\/2\/revisions"}],"predecessor-version":[{"id":878,"href":"https:\/\/kb-servicepoint.de\/hamburg-sued\/wp-json\/wp\/v2\/pages\/2\/revisions\/878"}],"wp:attachment":[{"href":"https:\/\/kb-servicepoint.de\/hamburg-sued\/wp-json\/wp\/v2\/media?parent=2"}],"curies":[{"name":"wp","href":"https:\/\/api.w.org\/{rel}","templated":true}]}}