{"id":778,"date":"2023-04-04T09:38:41","date_gmt":"2023-04-04T07:38:41","guid":{"rendered":"https:\/\/kb-servicepoint.de\/hamburg-sued\/?page_id=778"},"modified":"2023-04-05T08:27:13","modified_gmt":"2023-04-05T06:27:13","slug":"karriere","status":"publish","type":"page","link":"https:\/\/kb-servicepoint.de\/hamburg-sued\/karriere\/","title":{"rendered":"Karriere"},"content":{"rendered":"<p>[vc_row css_animation=&#8220;&#8220; row_type=&#8220;row&#8220; use_row_as_full_screen_section=&#8220;no&#8220; type=&#8220;grid&#8220; anchor=&#8220;ueberuns&#8220; angled_section=&#8220;no&#8220; text_align=&#8220;left&#8220; background_image_as_pattern=&#8220;without_pattern&#8220; css=&#8220;.vc_custom_1680597375377{padding-top: 80px !important;padding-bottom: 50px !important;}&#8220; z_index=&#8220;&#8220;][vc_column][vc_column_text css=&#8220;.vc_custom_1680592253931{margin-bottom: 10px !important;}&#8220;]<\/p>\n<h2 style=\"text-align: center;\">Ihre Karriere beim KB Servicepoint Hamburg S\u00fcd<\/h2>\n<p>[\/vc_column_text][vc_separator type=&#8220;small&#8220; position=&#8220;center&#8220; color=&#8220;#f07d00&#8243;][vc_column_text css=&#8220;.vc_custom_1680592072690{margin-top: 15px !important;}&#8220;]<\/p>\n<p style=\"text-align: center;\">Auf dieser Seite bieten wir Ihnen eine Auswahl interessanter Jobs an. Wir, der KB Servicepoint Hamburg S\u00fcd, k\u00f6nnen unseren Kunden alle Gewerke der Haustechnik aus einer Hand anbieten und sind immer auf der Suche nach motivierten Mitarbeitern. Wir freuen uns auf Ihre Bewerbung.<\/p>\n<p>&nbsp;<\/p>\n<p style=\"text-align: center;\"><strong><a href=\"mailto:m.walter@kb-servicepoint.de\"><span style=\"color: #ef7d00;\">m.walter@kb-servicepoint.de<\/span><\/a><\/strong><\/p>\n<p>[\/vc_column_text][\/vc_column][\/vc_row][vc_row css_animation=&#8220;&#8220; row_type=&#8220;row&#8220; use_row_as_full_screen_section=&#8220;no&#8220; type=&#8220;grid&#8220; angled_section=&#8220;no&#8220; text_align=&#8220;left&#8220; background_image_as_pattern=&#8220;without_pattern&#8220; css=&#8220;.vc_custom_1680672843971{padding-top: 50px !important;padding-bottom: 50px !important;}&#8220; z_index=&#8220;&#8220;][vc_column][vc_column_text css=&#8220;.vc_custom_1680592241245{margin-bottom: 10px !important;}&#8220;]<\/p>\n<h2 style=\"text-align: center;\">Stellenangebote<\/h2>\n<p>[\/vc_column_text][vc_separator type=&#8220;small&#8220; position=&#8220;center&#8220; color=&#8220;#f07d00&#8243;][\/vc_column][\/vc_row][vc_row css_animation=&#8220;&#8220; row_type=&#8220;row&#8220; use_row_as_full_screen_section=&#8220;no&#8220; type=&#8220;grid&#8220; angled_section=&#8220;no&#8220; text_align=&#8220;left&#8220; background_image_as_pattern=&#8220;without_pattern&#8220; z_index=&#8220;&#8220; css=&#8220;.vc_custom_1643192044202{margin-bottom: 80px !important;}&#8220;][vc_column]<div class=\"qode-accordion-holder clearfix qode-toggle qode-initial \">\n\t<h2 class=\"clearfix qode-title-holder\">\n<span class=\"qode-tab-title\">\n\t    <span class=\"qode-tab-title-inner\">\n        Technischer Systemplaner (m\/w\/d) im Bereich Heizung | L\u00fcftung | Sanit\u00e4r    <\/span>\n<\/span>\n<span class=\"qode-accordion-mark\">\n    <span class=\"qode-accordion-mark-icon\">\n        <span class=\"icon_plus\"><\/span>\n        <span class=\"icon_minus-06\"><\/span>\n    <\/span>\n<\/span>\n<\/h2>\n<div  class=\"qode-accordion-content \" >\n    <div class=\"qode-accordion-content-inner\">\n        [vc_column_text css=&#8220;.vc_custom_1680675924946{margin-top: -20px !important;margin-right: -20px !important;margin-left: -20px !important;padding-top: 20px !important;padding-right: 20px !important;padding-bottom: 20px !important;padding-left: 20px !important;border-radius: 2px !important;}&#8220;]Wir suchen zum n\u00e4chstm\u00f6glichen Zeitpunkt:<\/p>\n<p>&nbsp;<\/p>\n<ul>\n<li><strong>Technische Systemplaner (m\/w\/d) f\u00fcr den Bereich Heizung | L\u00fcftung | Sanit\u00e4r<\/strong><\/li>\n<\/ul>\n<p>&nbsp;<\/p>\n<p>Art der Stelle: Vollzeit, Festanstellung<\/p>\n<p>Arbeitszeiten: Montag bis Freitag<\/p>\n<p>&nbsp;<\/p>\n<h3><strong>Deine Aufgaben:<\/strong><\/h3>\n<p>&nbsp;<\/p>\n<ul>\n<li>Zeichnerische Darstellung in 3D des jeweiligen Systems<\/li>\n<li>B\u00fcrogeb\u00e4ude, Gewerbeeinheiten, Mehrfamilienh\u00e4user im Bereich des Neubaus sowie in der Sanierung planen und berechnen<\/li>\n<li>Fachspezifische Berechnungen und Dimensionierungen<\/li>\n<li>Ausf\u00fchrung von Detailkonstruktion<\/li>\n<li>Normgerechte Ausf\u00fchrungszeichnungen in den Gewerken: Heizung, L\u00fcftung, Sanit\u00e4r<\/li>\n<li>Mitwirkung bei der Erstellung von Leistungsverzeichnissen<\/li>\n<\/ul>\n<p>&nbsp;<\/p>\n<h3><strong>Dein Profil:<\/strong><\/h3>\n<p>&nbsp;<\/p>\n<ul>\n<li>Du hast eine erfolgreich abgeschlossene Ausbildung zum Technischen Systemplaner im Bereich HLS<\/li>\n<li>Erste Berufserfahrungen w\u00e4ren w\u00fcnschenswert, jedoch sind sie nicht zwingend erforderlich<\/li>\n<li>Du hast einen sicheren Umgang mit fachbereichs\u00fcblicher Software<\/li>\n<li>Kenntnisse mit AutoCad Software<\/li>\n<li>Erfahrungen in\/mit den Gewerken Heizung, L\u00fcftung, Sanit\u00e4r<\/li>\n<li>Du bist neugierig und hast eine hohe Lernbereitschaft<\/li>\n<li>Du arbeitest genau, sorgf\u00e4ltig und bist zuverl\u00e4ssig und teamf\u00e4hig<\/li>\n<\/ul>\n<p>&nbsp;<\/p>\n<h3><strong>Deine neuen Benefits:<\/strong><\/h3>\n<p>&nbsp;<\/p>\n<ul>\n<li>Attraktive Verg\u00fctung<\/li>\n<li>Flexible Arbeitszeiten<\/li>\n<li>Gelebte Vereinbarkeit von Familie und Beruf<\/li>\n<li>Mitspracherecht und wir f\u00f6rdern dich um deine bestm\u00f6gliche Leistung abzurufen<\/li>\n<li>Moderner Arbeitsplatz mit tempor\u00e4rer Homeoffice-M\u00f6glichkeit<\/li>\n<li>Teamorientierte Handlungen mit kurzen Entscheidungswegen<\/li>\n<li>Individuelle Weiterbildungsm\u00f6glichkeiten<\/li>\n<li>Hansefit<\/li>\n<li>Lease a bike<\/li>\n<li>30 Tage Urlaub<\/li>\n<\/ul>\n<p>&nbsp;<\/p>\n<p>&nbsp;<\/p>\n<p>Du hast Lust unser Unternehmen kennenzulernen?<\/p>\n<p>Wir freuen uns dich kennenzulernen. Bitte richte deine Bewerbungsunterlagen an <a href=\"mailto:m.walter@kb-servicepoint.de\">m.walter@kb-servicepoint.de<\/a>.[\/vc_column_text]    <\/div>\n<\/div><\/div><div class=\"qode-accordion-holder clearfix qode-toggle qode-initial \">\n\t<h2 class=\"clearfix qode-title-holder\">\n<span class=\"qode-tab-title\">\n\t    <span class=\"qode-tab-title-inner\">\n        Anlagenmechaniker SHK (m\/w\/d)    <\/span>\n<\/span>\n<span class=\"qode-accordion-mark\">\n    <span class=\"qode-accordion-mark-icon\">\n        <span class=\"icon_plus\"><\/span>\n        <span class=\"icon_minus-06\"><\/span>\n    <\/span>\n<\/span>\n<\/h2>\n<div  class=\"qode-accordion-content \" >\n    <div class=\"qode-accordion-content-inner\">\n        [vc_column_text css=&#8220;.vc_custom_1680675940227{margin-top: -20px !important;margin-right: -20px !important;margin-left: -20px !important;padding-top: 20px !important;padding-right: 20px !important;padding-bottom: 20px !important;padding-left: 20px !important;background-color: #ffffff !important;}&#8220;]Wir suchen zum n\u00e4chstm\u00f6glichen Zeitpunkt:<\/p>\n<p>&nbsp;<\/p>\n<ul>\n<li><b>Anlagenmechaniker SHK (m\/w\/d)<\/b><\/li>\n<\/ul>\n<p>&nbsp;<\/p>\n<p>Art der Stelle: Vollzeit, Festanstellung<\/p>\n<p>Arbeitszeiten: Montag bis Freitag<\/p>\n<p>&nbsp;<\/p>\n<h3><b>Deine Aufgaben:<\/b><\/h3>\n<p>&nbsp;<\/p>\n<ul>\n<li>Installation von Heizungs-, Sanit\u00e4r- und L\u00fcftungsanlagen bei Klein- und Gro\u00dfprojekten<\/li>\n<li>Ausf\u00fchrung von Anlagentausch und Badumbau<\/li>\n<\/ul>\n<p>&nbsp;<\/p>\n<h3><b>Dein Profil:<\/b><\/h3>\n<p>&nbsp;<\/p>\n<ul>\n<li>Du hast eine erfolgreich abgeschlossene Berufsausbildung als Anlagenmechaniker HLS<\/li>\n<li>Durch erste Berufserfahrungen ist es dir m\u00f6glich schnell selbstst\u00e4ndig zuarbeiten<\/li>\n<li>Du arbeitest dienstleistungs- und kundenorientiert<\/li>\n<li>Du hast eine hohe Einsatzbereitschaft, bist zuverl\u00e4ssig und teamf\u00e4hig<\/li>\n<li>Du hast einen F\u00fchrerschein Klasse B<\/li>\n<\/ul>\n<p>&nbsp;<\/p>\n<h3><b>Deine neuen Benefits:<\/b><\/h3>\n<p>&nbsp;<\/p>\n<ul>\n<li>gute Laune und ein aufgeschlossenes, ambitioniertes Team, das mit Begeisterung bei der Sache ist<\/li>\n<li>famili\u00e4re Arbeitsatmosph\u00e4re mit flachen Hierarchien mit stets offenem Ohr und gegenseitigem Respekt und Vertrauen<\/li>\n<li>Servicefahrzeug, Smartphone und Tablet sowie hochwertige vollst\u00e4ndige Arbeitskleidung<\/li>\n<li>\u00fcberdurchschnittliche Bezahlung mit \u00dcberstundenverg\u00fctung sowie einem Bonussystem<\/li>\n<li>betriebliche Zusatzkrankenversicherung<\/li>\n<li>individuelle Weiterbildungsm\u00f6glichkeiten<\/li>\n<li>unbefristeter Arbeitsplatz<\/li>\n<li>30 Tage Urlaub<\/li>\n<li>Mitarbeiterevents<\/li>\n<li>Jobrad &#8211; Fahrrad\/ E-Bike Leasing<\/li>\n<li>Hansefit<\/li>\n<\/ul>\n<p>&nbsp;<\/p>\n<p>Du hast Lust unser Unternehmen kennenzulernen?<br \/>\nWir freuen uns dich kennenzulernen. Bitte richte deine Bewerbungsunterlagen an <a href=\"mailto:m.walter@kb-servicepoint.de\">m.walter@kb-servicepoint.de<\/a>.[\/vc_column_text]    <\/div>\n<\/div><\/div><div class=\"qode-accordion-holder clearfix qode-toggle qode-initial \">\n\t<h2 class=\"clearfix qode-title-holder\">\n<span class=\"qode-tab-title\">\n\t    <span class=\"qode-tab-title-inner\">\n        Bauleitender Obermonteur SHK (m\/w\/d)    <\/span>\n<\/span>\n<span class=\"qode-accordion-mark\">\n    <span class=\"qode-accordion-mark-icon\">\n        <span class=\"icon_plus\"><\/span>\n        <span class=\"icon_minus-06\"><\/span>\n    <\/span>\n<\/span>\n<\/h2>\n<div  class=\"qode-accordion-content \" >\n    <div class=\"qode-accordion-content-inner\">\n        [vc_column_text css=&#8220;.vc_custom_1680676007995{margin-top: -20px !important;margin-right: -20px !important;margin-left: -20px !important;padding-top: 20px !important;padding-right: 20px !important;padding-bottom: 20px !important;padding-left: 20px !important;background-color: #ffffff !important;}&#8220;]Wir suchen zum n\u00e4chstm\u00f6glichen Zeitpunkt:<\/p>\n<p>&nbsp;<\/p>\n<ul>\n<li><strong>Bauleitender Obermonteur SHK (m\/w\/d)<\/strong><\/li>\n<\/ul>\n<p>&nbsp;<\/p>\n<p>Art der Stelle: Vollzeit, Festanstellung<\/p>\n<p>Arbeitszeiten: Montag bis Freitag<\/p>\n<p>&nbsp;<\/p>\n<h3><strong>Deine Aufgaben:<\/strong><\/h3>\n<p>&nbsp;<\/p>\n<ul>\n<li>Leitung von kleinen bis mittleren Projekten der TGA in den Bereichen Heizung, L\u00fcftung und Sanit\u00e4r<\/li>\n<li>Eigenverantwortliche Koordination, Steuerung und \u00dcberwachung aller TGA-Gewerke<\/li>\n<li>Technische Kl\u00e4rung sowie Mitwirkung bei Planungs-, und Baubesprechungen<\/li>\n<li>Arbeitsvorbereitung und Baustellenabwicklung<\/li>\n<li>Personalf\u00fchrung (Eigen- und evtl. Fremdpersonal)<\/li>\n<li>Qualit\u00e4ts-, Leistungs- und Terminkontrollen<\/li>\n<li>F\u00fchren von Bautageb\u00fcchern, Baustellenschriftverkehr<\/li>\n<li>Vorbereitung von Nachtr\u00e4gen<\/li>\n<li>Aufma\u00df-Erstellung und Vorbereitungen von Abrechnungsunterlagen<\/li>\n<li>Unterst\u00fctzung bei der Inbetriebnahme<\/li>\n<\/ul>\n<p>&nbsp;<\/p>\n<h3><strong>Dein Profil:<\/strong><\/h3>\n<p>&nbsp;<\/p>\n<ul>\n<li>Du hast eine erfolgreiche abgeschlossene Berufsausbildung als Anlagenmechaniker HLS<\/li>\n<li>Einschl\u00e4gige Berufserfahrung in der Bauausf\u00fchrung im Bereich der TGA<\/li>\n<li>Teamf\u00e4higkeit sowie eine eigenst\u00e4ndige und strukturierte Arbeitsweise<\/li>\n<li>F\u00fchrerschein der Klasse B<\/li>\n<li>Hohe Leistungsbereitschaft, Belastbarkeit, Motivation und Teamgeist<\/li>\n<\/ul>\n<p>&nbsp;<\/p>\n<h3><strong>Deine neuen Benefits:<\/strong><\/h3>\n<p>&nbsp;<\/p>\n<ul>\n<li>gute Laune und ein aufgeschlossenes, ambitioniertes Team, das mit Begeisterung bei der Sache ist<\/li>\n<li>spannende und abwechslungsreiche T\u00e4tigkeiten<\/li>\n<li>leistungsgerechte, \u00fcberdurchschnittliche Bezahlung<\/li>\n<li>hochwertige, vollst\u00e4ndige Arbeitskleidung<\/li>\n<li>Servicefahrzeug, Smartphone, Tablet<\/li>\n<li>individuelle Weiterbildungsm\u00f6glichkeiten<\/li>\n<li>famili\u00e4re Arbeitsatmosph\u00e4re mit flachen Hierarchien mit stets offenem Ohr und gegenseitigem Respekt und Vertrauen<\/li>\n<li>30 Tage Urlaub<\/li>\n<li>unbefristeter Arbeitsplatz<\/li>\n<li>betriebliche Zusatzkrankenversicherung<\/li>\n<li>Jobrad \u2013 Fahrrad\/ E-Bike Leasing<\/li>\n<li>Hansefit<\/li>\n<\/ul>\n<p>&nbsp;<\/p>\n<p>Du hast Lust unser Unternehmen kennenzulernen?<\/p>\n<p>Wir freuen uns dich kennenzulernen. Bitte richte deine Bewerbungsunterlagen an <a href=\"mailto:m.walter@kb-servicepoint.de\">m.walter@kb-servicepoint.de<\/a>.[\/vc_column_text]    <\/div>\n<\/div><\/div>[\/vc_column][\/vc_row][vc_row css_animation=&#8220;element_from_right&#8220; row_type=&#8220;row&#8220; use_row_as_full_screen_section=&#8220;no&#8220; type=&#8220;grid&#8220; anchor=&#8220;ueberuns&#8220; angled_section=&#8220;no&#8220; text_align=&#8220;left&#8220; background_image_as_pattern=&#8220;without_pattern&#8220; css=&#8220;.vc_custom_1680672683834{padding-top: 80px !important;padding-bottom: 50px !important;background-color: #efefef !important;}&#8220; z_index=&#8220;&#8220;][vc_column][vc_column_text css=&#8220;.vc_custom_1680592265716{margin-bottom: 10px !important;}&#8220;]<\/p>\n<h2 style=\"text-align: center;\">Werde Azubi beim KB Servicepoint Hamburg S\u00fcd<\/h2>\n<p>[\/vc_column_text][vc_separator type=&#8220;small&#8220; position=&#8220;center&#8220; color=&#8220;#f07d00&#8243;][vc_column_text css=&#8220;.vc_custom_1680588442900{margin-top: 15px !important;}&#8220;]<\/p>\n<p style=\"text-align: center;\">Bewirb dich jetzt und starte deine berufliche Zukunft bei uns.<\/p>\n<p>[\/vc_column_text][vc_row_inner row_type=&#8220;row&#8220; type=&#8220;full_width&#8220; text_align=&#8220;left&#8220; css_animation=&#8220;&#8220; css=&#8220;.vc_custom_1680672656965{padding-top: 30px !important;padding-bottom: 30px !important;}&#8220;][vc_column_inner width=&#8220;1\/3&#8243;][\/vc_column_inner][vc_column_inner width=&#8220;1\/3&#8243;]<span data-type=\"normal\"  class=\"qode_icon_shortcode  q_font_awsome_icon fa-2x pull-center \" style=\" \"><i class=\"qodef-icon-linea-icon icon-basic-settings qode_icon_element\" style=\"color: #004f9f;\" ><\/i><\/span>[vc_column_text css=&#8220;.vc_custom_1680672552397{padding-top: 20px !important;}&#8220;]<\/p>\n<p style=\"text-align: center;\"><strong>Anlagenmechaniker\/-in<\/strong><\/p>\n<p style=\"text-align: center;\">Sanit\u00e4r-, Heizungs- und Klimatechnik<\/p>\n<p>[\/vc_column_text][\/vc_column_inner][vc_column_inner width=&#8220;1\/3&#8243;][\/vc_column_inner][\/vc_row_inner][\/vc_column][\/vc_row][vc_row css_animation=&#8220;&#8220; row_type=&#8220;row&#8220; use_row_as_full_screen_section=&#8220;no&#8220; type=&#8220;full_width&#8220; angled_section=&#8220;no&#8220; text_align=&#8220;left&#8220; background_image_as_pattern=&#8220;without_pattern&#8220; css=&#8220;.vc_custom_1680590459742{padding-top: 80px !important;padding-bottom: 50px !important;}&#8220; z_index=&#8220;&#8220;][vc_column][vc_column_text css=&#8220;.vc_custom_1680592273391{margin-bottom: 10px !important;}&#8220;]<\/p>\n<h2 style=\"text-align: center;\">Bewerben Sie sich jetzt!<\/h2>\n<p>[\/vc_column_text][vc_separator type=&#8220;small&#8220; position=&#8220;center&#8220;][\/vc_column][\/vc_row][vc_row css_animation=&#8220;element_from_left&#8220; row_type=&#8220;row&#8220; use_row_as_full_screen_section=&#8220;no&#8220; type=&#8220;grid&#8220; angled_section=&#8220;no&#8220; text_align=&#8220;left&#8220; background_image_as_pattern=&#8220;without_pattern&#8220; z_index=&#8220;&#8220; css=&#8220;.vc_custom_1543486934880{padding-bottom: 30px !important;}&#8220;][vc_column css_animation=&#8220;none&#8220; width=&#8220;2\/3&#8243;]\n<div class=\"wpcf7 no-js\" id=\"wpcf7-f779-o1\" lang=\"de-DE\" dir=\"ltr\" data-wpcf7-id=\"779\">\n<div class=\"screen-reader-response\"><p role=\"status\" aria-live=\"polite\" aria-atomic=\"true\"><\/p> <ul><\/ul><\/div>\n<form action=\"\/hamburg-sued\/wp-json\/wp\/v2\/pages\/778#wpcf7-f779-o1\" method=\"post\" class=\"wpcf7-form init cf7_custom_style_1\" aria-label=\"Kontaktformular\" enctype=\"multipart\/form-data\" novalidate=\"novalidate\" data-status=\"init\">\n<fieldset class=\"hidden-fields-container\"><input type=\"hidden\" name=\"_wpcf7\" value=\"779\" \/><input type=\"hidden\" name=\"_wpcf7_version\" value=\"6.1.4\" \/><input type=\"hidden\" name=\"_wpcf7_locale\" value=\"de_DE\" \/><input type=\"hidden\" name=\"_wpcf7_unit_tag\" value=\"wpcf7-f779-o1\" \/><input type=\"hidden\" name=\"_wpcf7_container_post\" value=\"0\" \/><input type=\"hidden\" name=\"_wpcf7_posted_data_hash\" value=\"\" \/>\n<\/fieldset>\n<p><label> Vorname*<br \/>\n<span class=\"wpcf7-form-control-wrap\" data-name=\"vorname\"><input size=\"40\" maxlength=\"400\" class=\"wpcf7-form-control wpcf7-text wpcf7-validates-as-required\" aria-required=\"true\" aria-invalid=\"false\" value=\"\" type=\"text\" name=\"vorname\" \/><\/span> <\/label>\n<\/p>\n<p><label> Name*<br \/>\n<span class=\"wpcf7-form-control-wrap\" data-name=\"your-name\"><input size=\"40\" maxlength=\"400\" class=\"wpcf7-form-control wpcf7-text wpcf7-validates-as-required\" aria-required=\"true\" aria-invalid=\"false\" value=\"\" type=\"text\" name=\"your-name\" \/><\/span> <\/label>\n<\/p>\n<p><label> E-Mail-Adresse*<br \/>\n<span class=\"wpcf7-form-control-wrap\" data-name=\"your-email\"><input size=\"40\" maxlength=\"400\" class=\"wpcf7-form-control wpcf7-email wpcf7-validates-as-required wpcf7-text wpcf7-validates-as-email\" aria-required=\"true\" aria-invalid=\"false\" value=\"\" type=\"email\" name=\"your-email\" \/><\/span> <\/label>\n<\/p>\n<p><label> Telefonnummer<br \/>\n<span class=\"wpcf7-form-control-wrap\" data-name=\"telefon\"><input size=\"40\" maxlength=\"400\" class=\"wpcf7-form-control wpcf7-tel wpcf7-text wpcf7-validates-as-tel\" aria-invalid=\"false\" value=\"\" type=\"tel\" name=\"telefon\" \/><\/span> <\/label>\n<\/p>\n<p>Beruf<br \/>\n<span class=\"wpcf7-form-control-wrap\" data-name=\"Beruf\"><select class=\"wpcf7-form-control wpcf7-select wpcf7-validates-as-required\" aria-required=\"true\" aria-invalid=\"false\" name=\"Beruf\"><option value=\"\">&#8211; Bitte ausw\u00e4hlen &#8211;<\/option><option value=\"Anlagenmechaniker\/in SHK (m\/w\/d)\">Anlagenmechaniker\/in SHK (m\/w\/d)<\/option><option value=\"Bauleitenden Obermonteur SHK\">Bauleitenden Obermonteur SHK<\/option><option value=\"Technischer Systemplaner\/in (m\/w\/d)\">Technischer Systemplaner\/in (m\/w\/d)<\/option><option value=\"Azubi Anlagenmechaniker\/in (m\/w\/d)\">Azubi Anlagenmechaniker\/in (m\/w\/d)<\/option><\/select><\/span>\n<\/p>\n<p><label> Nachricht*<br \/>\n<span class=\"wpcf7-form-control-wrap\" data-name=\"your-message\"><textarea cols=\"40\" rows=\"10\" maxlength=\"2000\" class=\"wpcf7-form-control wpcf7-textarea wpcf7-validates-as-required\" aria-required=\"true\" aria-invalid=\"false\" name=\"your-message\"><\/textarea><\/span> <\/label>\n<\/p>\n<p><label> Anschreiben<br \/>\n<span class=\"wpcf7-form-control-wrap\" data-name=\"anschreiben\"><input size=\"40\" class=\"wpcf7-form-control wpcf7-file\" accept=\".pdf\" aria-invalid=\"false\" type=\"file\" name=\"anschreiben\" \/><\/span> <\/label>\n<\/p>\n<p><label> Lebenslauf*<br \/>\n<span class=\"wpcf7-form-control-wrap\" data-name=\"lebenslauf\"><input size=\"40\" class=\"wpcf7-form-control wpcf7-file wpcf7-validates-as-required\" accept=\".pdf\" aria-required=\"true\" aria-invalid=\"false\" type=\"file\" name=\"lebenslauf\" \/><\/span> <\/label>\n<\/p>\n<p><span class=\"wpcf7-form-control-wrap\" data-name=\"datenschutz\"><span class=\"wpcf7-form-control wpcf7-acceptance\"><span class=\"wpcf7-list-item\"><input type=\"checkbox\" name=\"datenschutz\" value=\"1\" aria-invalid=\"false\" \/><\/span><\/span><\/span> Ja, ich habe die <a href=\"\/datenschutz-bewerber\/\">Datenschutzerkl\u00e4rung<\/a> zur Kenntnis genommen und bin damit einverstanden, dass die von mir angegebenen Daten elektronisch erhoben und gespeichert werden. Meine Daten werden dabei nur streng zweckgebunden zur Bearbeitung und Beantwortung meiner Anfrage benutzt. Mit dem Absenden des Formulars erkl\u00e4re ich mich mit der Verarbeitung einverstanden. *\n<\/p>\n<p><input class=\"wpcf7-form-control wpcf7-submit has-spinner\" type=\"submit\" value=\"Senden\" \/>\n<\/p><div class=\"wpcf7-response-output\" aria-hidden=\"true\"><\/div>\n<\/form>\n<\/div>\n[\/vc_column][vc_column css_animation=&#8220;none&#8220; width=&#8220;1\/3&#8243;][vc_column_text css=&#8220;.vc_custom_1680590356364{margin-bottom: 20px !important;}&#8220;]<\/p>\n<h3 style=\"text-align: left;\"><strong><span style=\"color: #ef7d00;\">Ihr Ansprechpartner<\/span><\/strong><\/h3>\n<p>[\/vc_column_text][vc_column_text css=&#8220;.vc_custom_1680590386190{margin-bottom: 20px !important;}&#8220;]<\/p>\n<h3><strong>KB Servicepoint Hamburg S\u00fcd GmbH<\/strong><\/h3>\n<p><strong>Marcel Walter<\/strong>[\/vc_column_text][vc_column_text css=&#8220;.vc_custom_1680588599733{margin-bottom: 20px !important;}&#8220;]<i class=\"fa fa-map-marker fa- \"><br \/>\n<\/i>\u00a0Leibnizstra\u00dfe 10 | 21502 Geesthacht<br \/>\n<i class=\"fa fa-at fa- \"><\/i><a href=\"mailto:m.walter@kb-servicepoint.de\">\u00a0m.walter@kb-servicepoint.de<\/a><br \/>\n<i class=\"fa fa-phone fa- \"><\/i> <a href=\"tel: +494152890270\">04152-89027-0<\/a>[\/vc_column_text][\/vc_column][\/vc_row]<\/p>\n","protected":false},"excerpt":{"rendered":"<p>[vc_row css_animation=&#8220;&#8220; row_type=&#8220;row&#8220; use_row_as_full_screen_section=&#8220;no&#8220; type=&#8220;grid&#8220; anchor=&#8220;ueberuns&#8220; angled_section=&#8220;no&#8220; text_align=&#8220;left&#8220; background_image_as_pattern=&#8220;without_pattern&#8220; css=&#8220;.vc_custom_1680597375377{padding-top: 80px !important;padding-bottom: 50px !important;}&#8220; z_index=&#8220;&#8220;][vc_column][vc_column_text css=&#8220;.vc_custom_1680592253931{margin-bottom: 10px !important;}&#8220;] Ihre Karriere beim KB Servicepoint Hamburg S\u00fcd [\/vc_column_text][vc_separator type=&#8220;small&#8220; position=&#8220;center&#8220; color=&#8220;#f07d00&#8243;][vc_column_text css=&#8220;.vc_custom_1680592072690{margin-top: 15px !important;}&#8220;] Auf dieser Seite bieten wir Ihnen eine Auswahl interessanter Jobs an. Wir, der&#8230;<\/p>\n","protected":false},"author":6,"featured_media":0,"parent":0,"menu_order":0,"comment_status":"closed","ping_status":"open","template":"full_width.php","meta":{"footnotes":""},"class_list":["post-778","page","type-page","status-publish","hentry"],"_links":{"self":[{"href":"https:\/\/kb-servicepoint.de\/hamburg-sued\/wp-json\/wp\/v2\/pages\/778","targetHints":{"allow":["GET"]}}],"collection":[{"href":"https:\/\/kb-servicepoint.de\/hamburg-sued\/wp-json\/wp\/v2\/pages"}],"about":[{"href":"https:\/\/kb-servicepoint.de\/hamburg-sued\/wp-json\/wp\/v2\/types\/page"}],"author":[{"embeddable":true,"href":"https:\/\/kb-servicepoint.de\/hamburg-sued\/wp-json\/wp\/v2\/users\/6"}],"replies":[{"embeddable":true,"href":"https:\/\/kb-servicepoint.de\/hamburg-sued\/wp-json\/wp\/v2\/comments?post=778"}],"version-history":[{"count":36,"href":"https:\/\/kb-servicepoint.de\/hamburg-sued\/wp-json\/wp\/v2\/pages\/778\/revisions"}],"predecessor-version":[{"id":836,"href":"https:\/\/kb-servicepoint.de\/hamburg-sued\/wp-json\/wp\/v2\/pages\/778\/revisions\/836"}],"wp:attachment":[{"href":"https:\/\/kb-servicepoint.de\/hamburg-sued\/wp-json\/wp\/v2\/media?parent=778"}],"curies":[{"name":"wp","href":"https:\/\/api.w.org\/{rel}","templated":true}]}}