{"id":2,"date":"2018-11-13T15:12:56","date_gmt":"2018-11-13T14:12:56","guid":{"rendered":"https:\/\/www.kb-servicepoint.de\/hamburg\/?page_id=2"},"modified":"2025-11-24T12:04:29","modified_gmt":"2025-11-24T11:04:29","slug":"startseite","status":"publish","type":"page","link":"https:\/\/kb-servicepoint.de\/hamburg\/","title":{"rendered":"Startseite"},"content":{"rendered":"<p>[vc_row css_animation=&#8220;&#8220; row_type=&#8220;row&#8220; use_row_as_full_screen_section=&#8220;no&#8220; type=&#8220;full_width&#8220; angled_section=&#8220;no&#8220; text_align=&#8220;left&#8220; background_image_as_pattern=&#8220;without_pattern&#8220; el_class=&#8220;calltoaction&#8220; z_index=&#8220;&#8220;][vc_column width=&#8220;1\/2&#8243; offset=&#8220;vc_hidden-lg vc_hidden-md vc_hidden-sm vc_hidden-xs&#8220;][vc_column_text el_class=&#8220;notallueberschrift&#8220;]<\/p>\n<p style=\"text-align: center; line-height: 1.3rem;\">Notdienst<\/p>\n<p>[\/vc_column_text][vc_raw_html el_id=&#8220;icon-notdienst&#8220;]JTNDaSUyMGNsYXNzJTNEJTIyZmFzJTIwZmEtcGhvbmUlMjIlM0UlM0MlMkZpJTNF[\/vc_raw_html][\/vc_column][vc_column width=&#8220;1\/2&#8243; offset=&#8220;vc_hidden-lg vc_hidden-md vc_hidden-sm vc_hidden-xs&#8220;][vc_column_text el_class=&#8220;notfallnummer&#8220;]<\/p>\n<h4 style=\"text-align: left;\"><a style=\"color: #fff;\" href=\"tel:+494168378\">0 41 68 &#8211; 378<\/a><\/h4>\n<p>[\/vc_column_text][\/vc_column][\/vc_row][vc_row css_animation=&#8220;&#8220; row_type=&#8220;row&#8220; use_row_as_full_screen_section=&#8220;no&#8220; type=&#8220;full_width&#8220; angled_section=&#8220;no&#8220; text_align=&#8220;left&#8220; background_image_as_pattern=&#8220;without_pattern&#8220; el_class=&#8220;calltoactionsmart&#8220; z_index=&#8220;&#8220;][vc_column offset=&#8220;vc_hidden-lg vc_hidden-md vc_hidden-sm&#8220;]<span data-type=\"normal\"  class=\"qode_icon_shortcode  q_font_awsome_icon fa-2x pull-center \" style=\" \"><a class=\"anchor\" itemprop=\"url\" href=\"tel:+494168378\" target=\"_self\"><i class=\"qode_icon_font_awesome fa fa-phone qode_icon_element\" style=\"color: #ffffff;\" ><\/i><\/a><\/span>[vc_column_text]<a style=\"color: #fff; font-size: 10px;\" href=\"tel:+491629733779\">Notdienst<\/a>[\/vc_column_text][\/vc_column][\/vc_row][vc_row css_animation=&#8220;element_from_right&#8220; row_type=&#8220;row&#8220; use_row_as_full_screen_section=&#8220;no&#8220; type=&#8220;full_width&#8220; angled_section=&#8220;no&#8220; text_align=&#8220;left&#8220; background_image_as_pattern=&#8220;without_pattern&#8220; css=&#8220;.vc_custom_1687847508170{padding-top: 80px !important;padding-bottom: 50px !important;}&#8220; z_index=&#8220;&#8220; el_id=&#8220;ueberuns&#8220;][vc_column][vc_row_inner row_type=&#8220;row&#8220; type=&#8220;grid&#8220; text_align=&#8220;left&#8220; css_animation=&#8220;&#8220;][vc_column_inner][vc_column_text css=&#8220;.vc_custom_1542207374833{margin-bottom: 15px !important;}&#8220;]<\/p>\n<h2 style=\"text-align: center;\">\u00dcber uns<\/h2>\n<p>[\/vc_column_text][vc_separator type=&#8220;small&#8220; position=&#8220;center&#8220; color=&#8220;#f07d00&#8243;][vc_column_text css=&#8220;.vc_custom_1687163963111{margin-top: 15px !important;}&#8220;]<\/p>\n<div class=\"zw-paragraph\" data-width=\"604.072\">\n<div class=\"zw-line-div\">\n<div class=\"fusion-layout-column fusion_builder_column fusion_builder_column_1_3 fusion-one-third home-boxes fusion-column-inner-bg-wrapper 1_3\">\n<div class=\"fusion-column-wrapper\" data-bg-url=\"\">\n<p style=\"text-align: center;\">In unserem Servicepoint in Hamburg beraten wir Sie in allen Angelegenheiten rund um Heizung, L\u00fcftung und Sanit\u00e4r. Wie sind Ihr Ansprechpartner f\u00fcr einen kompetenten und schnellen Service. Dabei sind wir nicht nur f\u00fcr Privatkunden t\u00e4tig sondern decken auch die Betreuung von unseren Businesskunden zuverl\u00e4ssig ab.<\/p>\n<p>&nbsp;<\/p>\n<\/div>\n<p>[\/vc_column_text][\/vc_column_inner][\/vc_row_inner][\/vc_column][\/vc_row][vc_row css_animation=&#8220;element_from_left&#8220; row_type=&#8220;row&#8220; use_row_as_full_screen_section=&#8220;no&#8220; type=&#8220;grid&#8220; angled_section=&#8220;no&#8220; text_align=&#8220;left&#8220; background_image_as_pattern=&#8220;without_pattern&#8220; z_index=&#8220;&#8220; css=&#8220;.vc_custom_1635237063761{margin-top: 50px !important;padding-bottom: 80px !important;background-color: #ffffff !important;}&#8220; el_id=&#8220;dienstleistungen&#8220;][vc_column css_animation=&#8220;none&#8220; width=&#8220;1\/3&#8243; css=&#8220;.vc_custom_1543590464413{margin-bottom: 30px !important;}&#8220;][vc_single_image image=&#8220;362&#8243; img_size=&#8220;full&#8220; alignment=&#8220;center&#8220; qode_css_animation=&#8220;&#8220; css=&#8220;.vc_custom_1544427785520{padding-bottom: 15px !important;}&#8220;][vc_column_text css=&#8220;.vc_custom_1542123709589{padding-bottom: 15px !important;}&#8220;]<\/p>\n<h3>Heizung<\/h3>\n<p>[\/vc_column_text][vc_column_text]Von der Reparatur \u00fcber die Installation bis hin zur Wartung, wir sind bei jeglichen Fragen rund um Ihr Heizsystem gerne f\u00fcr Sie da.<\/p>\n<p><strong>\u00d6l- Heizung |\u00a0Gas-Brennwert | Holzheizung<\/strong><br \/>\n<strong>Solarthermie |\u00a0W\u00e4rmepumpe<\/strong>[\/vc_column_text][\/vc_column][vc_column css_animation=&#8220;none&#8220; width=&#8220;1\/3&#8243; css=&#8220;.vc_custom_1543590472721{margin-bottom: 30px !important;}&#8220;][vc_single_image image=&#8220;374&#8243; img_size=&#8220;full&#8220; alignment=&#8220;center&#8220; qode_css_animation=&#8220;&#8220; css=&#8220;.vc_custom_1544427799711{padding-bottom: 15px !important;}&#8220;][vc_column_text css=&#8220;.vc_custom_1543237297790{padding-bottom: 15px !important;}&#8220;]<\/p>\n<h3>L\u00fcftungs- und Klimaanlagenbau<\/h3>\n<p>[\/vc_column_text][vc_column_text]Wir klimatisieren Ihre R\u00e4ume mit individuell angepassten Anlagen. Dabei achten wir stets auf energieeffiziente L\u00f6sungen.<\/p>\n<p><strong>Reparaturen | Wartungen | Neuinstallationen<\/strong>[\/vc_column_text][\/vc_column][vc_column css_animation=&#8220;none&#8220; width=&#8220;1\/3&#8243;][vc_single_image image=&#8220;603&#8243; img_size=&#8220;full&#8220; alignment=&#8220;center&#8220; qode_css_animation=&#8220;&#8220; css=&#8220;.vc_custom_1612167614609{padding-bottom: 15px !important;}&#8220;][vc_column_text css=&#8220;.vc_custom_1612167555722{padding-bottom: 15px !important;}&#8220;]<\/p>\n<h3>Sanit\u00e4r<\/h3>\n<p>[\/vc_column_text][vc_column_text]Ob Gestaltung der sanit\u00e4ren R\u00e4ume oder Trinkwasserversorgung, wir k\u00fcmmern uns um Ihre Sanit\u00e4ren Anlagen.<\/p>\n<p><strong>Bad-Sanierung | Bad Neugestaltung<\/strong>[\/vc_column_text][\/vc_column][\/vc_row][vc_row css_animation=&#8220;element_from_right&#8220; row_type=&#8220;row&#8220; use_row_as_full_screen_section=&#8220;no&#8220; type=&#8220;full_width&#8220; anchor=&#8220;team&#8220; angled_section=&#8220;no&#8220; text_align=&#8220;left&#8220; background_image_as_pattern=&#8220;without_pattern&#8220; css=&#8220;.vc_custom_1687847389322{padding-top: 80px !important;padding-bottom: 30px !important;background-color: #ededed !important;}&#8220; z_index=&#8220;&#8220;][vc_column][vc_row_inner row_type=&#8220;row&#8220; type=&#8220;full_width&#8220; text_align=&#8220;left&#8220; css_animation=&#8220;&#8220;][vc_column_inner][vc_column_text css=&#8220;.vc_custom_1543497787107{margin-bottom: 15px !important;}&#8220;]<\/p>\n<h2 style=\"text-align: center;\">Ansprechpartner<\/h2>\n<p>[\/vc_column_text][vc_separator type=&#8220;small&#8220; position=&#8220;center&#8220; color=&#8220;#f07d00&#8243;][\/vc_column_inner][\/vc_row_inner][\/vc_column][\/vc_row][vc_row css_animation=&#8220;&#8220; row_type=&#8220;row&#8220; use_row_as_full_screen_section=&#8220;no&#8220; type=&#8220;grid&#8220; angled_section=&#8220;no&#8220; text_align=&#8220;left&#8220; background_image_as_pattern=&#8220;without_pattern&#8220; z_index=&#8220;&#8220; css=&#8220;.vc_custom_1687947156167{padding-bottom: 50px !important;background-color: #ededed !important;}&#8220;][vc_column][vc_single_image image=&#8220;683&#8243; img_size=&#8220;medium&#8220; alignment=&#8220;center&#8220; qode_css_animation=&#8220;&#8220;][vc_column_text css=&#8220;.vc_custom_1687167509688{padding-top: 10px !important;padding-right: 10px !important;padding-bottom: 10px !important;padding-left: 10px !important;}&#8220; el_class=&#8220;orangeCOLOR&#8220;]<\/p>\n<h3 style=\"text-align: center;\">Tjorben Uhlhorn<\/h3>\n<p style=\"text-align: center;\"><span style=\"color: #808080;\">Gesch\u00e4ftsf\u00fchrung | Projektleitung<\/span><br \/>\n<span style=\"color: #808080;\">Tel. 0 41 68 &#8211; 378<\/span><br \/>\n<a href=\"mailto:t.uhlhorn@kb-servicepoint.de\">t.uhlhorn@kb-servicepoint.de<\/a><\/p>\n<p>[\/vc_column_text][\/vc_column][\/vc_row][vc_row css_animation=&#8220;&#8220; row_type=&#8220;row&#8220; use_row_as_full_screen_section=&#8220;no&#8220; type=&#8220;grid&#8220; angled_section=&#8220;no&#8220; text_align=&#8220;left&#8220; background_image_as_pattern=&#8220;without_pattern&#8220; z_index=&#8220;&#8220; css=&#8220;.vc_custom_1687947055541{padding-bottom: 80px !important;background-color: #ededed !important;}&#8220;][vc_column][vc_column_text css=&#8220;.vc_custom_1613121828847{padding-top: 10px !important;padding-right: 10px !important;padding-bottom: 10px !important;padding-left: 10px !important;}&#8220; el_class=&#8220;orangeCOLOR&#8220;]<\/p>\n<h3 style=\"text-align: center;\">Melanie Bellmann<\/h3>\n<p style=\"text-align: center;\"><span style=\"color: #808080;\">Assistenz<\/span><br \/>\n<span style=\"color: #808080;\">Tel. 0 41 68 &#8211; 378<\/span><br \/>\n<a href=\"mailto:m.bellmann@kb-servicepoint.de\">m.bellmann@kb-servicepoint.de<\/a><\/p>\n<p>[\/vc_column_text][\/vc_column][\/vc_row][vc_row css_animation=&#8220;&#8220; row_type=&#8220;row&#8220; use_row_as_full_screen_section=&#8220;no&#8220; type=&#8220;grid&#8220; angled_section=&#8220;no&#8220; text_align=&#8220;left&#8220; background_image_as_pattern=&#8220;without_pattern&#8220; css=&#8220;.vc_custom_1635237099156{margin-top: 80px !important;margin-bottom: 30px !important;}&#8220; z_index=&#8220;&#8220; el_id=&#8220;kontakt&#8220;][vc_column][vc_column_text css=&#8220;.vc_custom_1542207428137{margin-bottom: 15px !important;}&#8220;]<\/p>\n<h2 style=\"text-align: center;\">Kontakt<\/h2>\n<p>[\/vc_column_text][vc_separator type=&#8220;small&#8220; position=&#8220;center&#8220; color=&#8220;#f07d00&#8243;][\/vc_column][\/vc_row][vc_row css_animation=&#8220;&#8220; row_type=&#8220;row&#8220; use_row_as_full_screen_section=&#8220;no&#8220; type=&#8220;grid&#8220; angled_section=&#8220;no&#8220; text_align=&#8220;left&#8220; background_image_as_pattern=&#8220;without_pattern&#8220; z_index=&#8220;&#8220; css=&#8220;.vc_custom_1635236960673{padding-bottom: 30px !important;}&#8220;][vc_column css_animation=&#8220;none&#8220;][vc_column_text css=&#8220;.vc_custom_1763982243669{margin-bottom: 20px !important;}&#8220;]<\/p>\n<h4 style=\"text-align: center;\">Wir sind f\u00fcr Sie da!<\/h4>\n<p>[\/vc_column_text][vc_column_text css=&#8220;.vc_custom_1763982259845{margin-bottom: 20px !important;}&#8220;]<\/p>\n<h3 style=\"text-align: center;\"><strong>Gesch\u00e4ftszeiten:<br \/>\n<\/strong><\/h3>\n<p style=\"text-align: center;\"><strong>Montag &#8211; Donnerstag<\/strong><br \/>\n7.00 &#8211; 16.15 Uhr<\/p>\n<p style=\"text-align: center;\"><strong>Freitag<\/strong><br \/>\n7.00 &#8211; 13.15 Uhr<\/p>\n<p style=\"text-align: center;\"><a href=\"mailto:hamburg@kb-servicepoint.de\">hamburg@kb-servicepoint.de<\/a><\/p>\n<p>[\/vc_column_text][vc_column_text]<\/p>\n<h3 style=\"text-align: center;\"><strong>Notdienst<\/strong><\/h3>\n<p style=\"text-align: center;\"><strong>Montag &#8211; Sonntag<\/strong><br \/>\n7.00 Uhr \u00a0&#8211; \u00a020.00 Uhr<br \/>\n<strong>Von Juni bis August kein Notdienst!<\/strong><\/p>\n<p>[\/vc_column_text][\/vc_column][\/vc_row][vc_row css_animation=&#8220;&#8220; row_type=&#8220;row&#8220; use_row_as_full_screen_section=&#8220;no&#8220; type=&#8220;full_width&#8220; angled_section=&#8220;no&#8220; text_align=&#8220;left&#8220; background_image_as_pattern=&#8220;without_pattern&#8220;][vc_column][vc_empty_space][\/vc_column][\/vc_row][vc_row css_animation=&#8220;&#8220; row_type=&#8220;row&#8220; use_row_as_full_screen_section=&#8220;no&#8220; type=&#8220;full_width&#8220; angled_section=&#8220;no&#8220; text_align=&#8220;left&#8220; background_image_as_pattern=&#8220;without_pattern&#8220;][vc_column][vc_column_text]<\/p>\n<\/div>\n<\/div>\n<\/div>\n<p>[\/vc_column_text][\/vc_column][\/vc_row]<\/p>\n","protected":false},"excerpt":{"rendered":"<p>[vc_row css_animation=&#8220;&#8220; row_type=&#8220;row&#8220; use_row_as_full_screen_section=&#8220;no&#8220; type=&#8220;full_width&#8220; angled_section=&#8220;no&#8220; text_align=&#8220;left&#8220; background_image_as_pattern=&#8220;without_pattern&#8220; el_class=&#8220;calltoaction&#8220; z_index=&#8220;&#8220;][vc_column width=&#8220;1\/2&#8243; offset=&#8220;vc_hidden-lg vc_hidden-md vc_hidden-sm vc_hidden-xs&#8220;][vc_column_text el_class=&#8220;notallueberschrift&#8220;] Notdienst [\/vc_column_text][vc_raw_html el_id=&#8220;icon-notdienst&#8220;]JTNDaSUyMGNsYXNzJTNEJTIyZmFzJTIwZmEtcGhvbmUlMjIlM0UlM0MlMkZpJTNF[\/vc_raw_html][\/vc_column][vc_column width=&#8220;1\/2&#8243; offset=&#8220;vc_hidden-lg vc_hidden-md vc_hidden-sm vc_hidden-xs&#8220;][vc_column_text el_class=&#8220;notfallnummer&#8220;] 0 41 68 &#8211; 378 [\/vc_column_text][\/vc_column][\/vc_row][vc_row css_animation=&#8220;&#8220; row_type=&#8220;row&#8220; use_row_as_full_screen_section=&#8220;no&#8220; type=&#8220;full_width&#8220; angled_section=&#8220;no&#8220; text_align=&#8220;left&#8220; background_image_as_pattern=&#8220;without_pattern&#8220; el_class=&#8220;calltoactionsmart&#8220; z_index=&#8220;&#8220;][vc_column offset=&#8220;vc_hidden-lg vc_hidden-md vc_hidden-sm&#8220;][vc_column_text]Notdienst[\/vc_column_text][\/vc_column][\/vc_row][vc_row css_animation=&#8220;element_from_right&#8220; row_type=&#8220;row&#8220;&#8230;<\/p>\n","protected":false},"author":2,"featured_media":0,"parent":0,"menu_order":0,"comment_status":"closed","ping_status":"open","template":"full_width.php","meta":{"footnotes":""},"class_list":["post-2","page","type-page","status-publish","hentry"],"_links":{"self":[{"href":"https:\/\/kb-servicepoint.de\/hamburg\/wp-json\/wp\/v2\/pages\/2","targetHints":{"allow":["GET"]}}],"collection":[{"href":"https:\/\/kb-servicepoint.de\/hamburg\/wp-json\/wp\/v2\/pages"}],"about":[{"href":"https:\/\/kb-servicepoint.de\/hamburg\/wp-json\/wp\/v2\/types\/page"}],"author":[{"embeddable":true,"href":"https:\/\/kb-servicepoint.de\/hamburg\/wp-json\/wp\/v2\/users\/2"}],"replies":[{"embeddable":true,"href":"https:\/\/kb-servicepoint.de\/hamburg\/wp-json\/wp\/v2\/comments?post=2"}],"version-history":[{"count":417,"href":"https:\/\/kb-servicepoint.de\/hamburg\/wp-json\/wp\/v2\/pages\/2\/revisions"}],"predecessor-version":[{"id":720,"href":"https:\/\/kb-servicepoint.de\/hamburg\/wp-json\/wp\/v2\/pages\/2\/revisions\/720"}],"wp:attachment":[{"href":"https:\/\/kb-servicepoint.de\/hamburg\/wp-json\/wp\/v2\/media?parent=2"}],"curies":[{"name":"wp","href":"https:\/\/api.w.org\/{rel}","templated":true}]}}